{"id":865,"date":"2024-11-03T18:33:45","date_gmt":"2024-11-03T18:33:45","guid":{"rendered":"https:\/\/jaimeruil.com\/?page_id=865"},"modified":"2024-11-03T22:28:58","modified_gmt":"2024-11-03T22:28:58","slug":"clara-aitor","status":"publish","type":"page","link":"https:\/\/jaimeruil.com\/en\/clara-aitor\/","title":{"rendered":"Clara &#038; Aitor"},"content":{"rendered":"<div data-elementor-type=\"wp-page\" data-elementor-id=\"865\" class=\"elementor elementor-865\" data-elementor-post-type=\"page\">\n\t\t\t\t<div class=\"elementor-element elementor-element-6c6ceb1 e-flex e-con-boxed e-con e-parent\" data-id=\"6c6ceb1\" data-element_type=\"container\" data-e-type=\"container\">\n\t\t\t\t\t<div class=\"e-con-inner\">\n\t\t<div class=\"elementor-element elementor-element-1db839a e-con-full e-flex e-con e-child\" data-id=\"1db839a\" data-element_type=\"container\" data-e-type=\"container\">\n\t\t\t\t<div class=\"elementor-element elementor-element-2317983 elementor-hidden-mobile elementor-widget elementor-widget-image\" data-id=\"2317983\" data-element_type=\"widget\" data-e-type=\"widget\" data-widget_type=\"image.default\">\n\t\t\t\t<div class=\"elementor-widget-container\">\n\t\t\t\t\t\t\t\t\t\t\t\t\t\t\t<img fetchpriority=\"high\" decoding=\"async\" width=\"1920\" height=\"844\" src=\"https:\/\/jaimeruil.com\/wp-content\/uploads\/2024\/11\/Grupo-31.jpg\" class=\"attachment-full size-full wp-image-874\" alt=\"\" srcset=\"https:\/\/jaimeruil.com\/wp-content\/uploads\/2024\/11\/Grupo-31.jpg 1920w, https:\/\/jaimeruil.com\/wp-content\/uploads\/2024\/11\/Grupo-31-300x132.jpg 300w, https:\/\/jaimeruil.com\/wp-content\/uploads\/2024\/11\/Grupo-31-1024x450.jpg 1024w, https:\/\/jaimeruil.com\/wp-content\/uploads\/2024\/11\/Grupo-31-768x338.jpg 768w, https:\/\/jaimeruil.com\/wp-content\/uploads\/2024\/11\/Grupo-31-1536x675.jpg 1536w, https:\/\/jaimeruil.com\/wp-content\/uploads\/2024\/11\/Grupo-31-24x11.jpg 24w, https:\/\/jaimeruil.com\/wp-content\/uploads\/2024\/11\/Grupo-31-36x16.jpg 36w, https:\/\/jaimeruil.com\/wp-content\/uploads\/2024\/11\/Grupo-31-48x21.jpg 48w\" sizes=\"(max-width: 1920px) 100vw, 1920px\" \/>\t\t\t\t\t\t\t\t\t\t\t\t\t\t\t<\/div>\n\t\t\t\t<\/div>\n\t\t\t\t<div class=\"elementor-element elementor-element-554cdb5 elementor-hidden-desktop elementor-hidden-tablet elementor-widget elementor-widget-image\" data-id=\"554cdb5\" data-element_type=\"widget\" data-e-type=\"widget\" data-widget_type=\"image.default\">\n\t\t\t\t<div class=\"elementor-widget-container\">\n\t\t\t\t\t\t\t\t\t\t\t\t\t\t\t<img decoding=\"async\" width=\"750\" height=\"966\" src=\"https:\/\/jaimeruil.com\/wp-content\/uploads\/2024\/11\/Grupo-32.jpg\" class=\"attachment-large size-large wp-image-875\" alt=\"\" srcset=\"https:\/\/jaimeruil.com\/wp-content\/uploads\/2024\/11\/Grupo-32.jpg 750w, https:\/\/jaimeruil.com\/wp-content\/uploads\/2024\/11\/Grupo-32-233x300.jpg 233w, https:\/\/jaimeruil.com\/wp-content\/uploads\/2024\/11\/Grupo-32-19x24.jpg 19w, https:\/\/jaimeruil.com\/wp-content\/uploads\/2024\/11\/Grupo-32-28x36.jpg 28w, https:\/\/jaimeruil.com\/wp-content\/uploads\/2024\/11\/Grupo-32-37x48.jpg 37w\" sizes=\"(max-width: 750px) 100vw, 750px\" \/>\t\t\t\t\t\t\t\t\t\t\t\t\t\t\t<\/div>\n\t\t\t\t<\/div>\n\t\t\t\t<div class=\"elementor-element elementor-element-fd47900 elementor-widget elementor-widget-text-editor\" data-id=\"fd47900\" data-element_type=\"widget\" data-e-type=\"widget\" data-widget_type=\"text-editor.default\">\n\t\t\t\t<div class=\"elementor-widget-container\">\n\t\t\t\t\t\t\t\t\t<p>La Quinta San Cayetano en \u00c1vila fue el marco perfecto para el amor y la alegr\u00eda de Clara y Aitor.<\/p><p>Rodeados por un una naturaleza de ensue\u00f1o y la atm\u00f3sfera serena del lugar, cada momento fue f\u00e1cil de capturar gracias a la felicidad que irradiaban. Desde el primer encuentro hasta el primer baile, su ilusi\u00f3n y complicidad hicieron que nuestro trabajo fuera tan natural como emocionante.<\/p><p>La magia de la finca, con su estilo cl\u00e1sico y rincones \u00fanicos, fue el escenario ideal para fotografiar la autenticidad de cada sonrisa, cada abrazo y cada mirada, record\u00e1ndonos la belleza de un amor genuino en un lugar lleno de encanto.<\/p>\t\t\t\t\t\t\t\t<\/div>\n\t\t\t\t<\/div>\n\t\t\t\t<\/div>\n\t\t\t\t<div class=\"elementor-element elementor-element-43054f9 elementor-widget elementor-widget-html\" data-id=\"43054f9\" data-element_type=\"widget\" data-e-type=\"widget\" data-widget_type=\"html.default\">\n\t\t\t\t<div class=\"elementor-widget-container\">\n\t\t\t\t\t<script> const searchread_6727b7ca27459112c4744079 = `Clara & Aitor\nNupcial\n15 Junio 2024\nIngrese texto aqu\u00ed... La publicaci\u00f3n del blog es el mejor lugar para contar la historia de la galer\u00eda, agregar informaci\u00f3n adicional y mostrar su trabajo a clientes potenciales.`;<\/script><template data-pt-type='blog' data-pt-slideshowid='6727b7ca27459112c4744079' ><\/template><script src='https:\/\/jaimeruil.pic-time.com\/-claraaitor\/slideswebcomponentembed.js\/6727b7ca27459112c4744079?features=lightbox,pinterest&filtertags=' type='text\/javascript' data-pt-scriptslideshowid='6727b7ca27459112c4744079'><\/script>\t\t\t\t<\/div>\n\t\t\t\t<\/div>\n\t\t\t\t\t<\/div>\n\t\t\t\t<\/div>\n\t\t\t\t<\/div>","protected":false},"excerpt":{"rendered":"<p>La Quinta San Cayetano en \u00c1vila fue el marco perfecto para el amor y la alegr\u00eda de Clara y Aitor. Rodeados por un una naturaleza de ensue\u00f1o y la atm\u00f3sfera serena del lugar, cada momento fue f\u00e1cil de capturar gracias a la felicidad que irradiaban. Desde el primer encuentro hasta el primer baile, su ilusi\u00f3n [&hellip;]<\/p>\n","protected":false},"author":1,"featured_media":0,"parent":0,"menu_order":0,"comment_status":"closed","ping_status":"closed","template":"","meta":{"_monsterinsights_skip_tracking":false,"_monsterinsights_sitenote_active":false,"_monsterinsights_sitenote_note":"","_monsterinsights_sitenote_category":0,"footnotes":""},"class_list":["post-865","page","type-page","status-publish","hentry"],"aioseo_notices":[],"_links":{"self":[{"href":"https:\/\/jaimeruil.com\/en\/wp-json\/wp\/v2\/pages\/865","targetHints":{"allow":["GET"]}}],"collection":[{"href":"https:\/\/jaimeruil.com\/en\/wp-json\/wp\/v2\/pages"}],"about":[{"href":"https:\/\/jaimeruil.com\/en\/wp-json\/wp\/v2\/types\/page"}],"author":[{"embeddable":true,"href":"https:\/\/jaimeruil.com\/en\/wp-json\/wp\/v2\/users\/1"}],"replies":[{"embeddable":true,"href":"https:\/\/jaimeruil.com\/en\/wp-json\/wp\/v2\/comments?post=865"}],"version-history":[{"count":16,"href":"https:\/\/jaimeruil.com\/en\/wp-json\/wp\/v2\/pages\/865\/revisions"}],"predecessor-version":[{"id":890,"href":"https:\/\/jaimeruil.com\/en\/wp-json\/wp\/v2\/pages\/865\/revisions\/890"}],"wp:attachment":[{"href":"https:\/\/jaimeruil.com\/en\/wp-json\/wp\/v2\/media?parent=865"}],"curies":[{"name":"wp","href":"https:\/\/api.w.org\/{rel}","templated":true}]}}