{"id":1030,"date":"2026-02-07T12:37:51","date_gmt":"2026-02-07T12:37:51","guid":{"rendered":"https:\/\/jaimeruil.com\/?page_id=1030"},"modified":"2026-02-07T17:27:46","modified_gmt":"2026-02-07T17:27:46","slug":"fotografo-de-bodas-en-madrid","status":"publish","type":"page","link":"https:\/\/jaimeruil.com\/en\/fotografo-de-bodas-en-madrid\/","title":{"rendered":"Fot\u00f3grafo de Bodas Editorial en Madrid"},"content":{"rendered":"<div data-elementor-type=\"wp-page\" data-elementor-id=\"1030\" class=\"elementor elementor-1030\" data-elementor-post-type=\"page\">\n\t\t\t\t<div class=\"elementor-element elementor-element-9010ea6 e-flex e-con-boxed e-con e-parent\" data-id=\"9010ea6\" data-element_type=\"container\" data-e-type=\"container\">\n\t\t\t\t\t<div class=\"e-con-inner\">\n\t\t<div class=\"elementor-element elementor-element-dab269b e-con-full e-flex e-con e-child\" data-id=\"dab269b\" data-element_type=\"container\" data-e-type=\"container\">\n\t\t\t\t<div class=\"elementor-element elementor-element-62d7d65 elementor-hidden-tablet elementor-hidden-mobile elementor-widget elementor-widget-image\" data-id=\"62d7d65\" data-element_type=\"widget\" data-e-type=\"widget\" data-widget_type=\"image.default\">\n\t\t\t\t<div class=\"elementor-widget-container\">\n\t\t\t\t\t\t\t\t\t\t\t\t\t\t\t<img fetchpriority=\"high\" decoding=\"async\" width=\"1920\" height=\"1080\" src=\"https:\/\/jaimeruil.com\/wp-content\/uploads\/2026\/02\/Grupo-52.jpg\" class=\"attachment-full size-full wp-image-1091\" alt=\"Novios caminando por el centro de Madrid boda editorial estilo Vogue\" srcset=\"https:\/\/jaimeruil.com\/wp-content\/uploads\/2026\/02\/Grupo-52.jpg 1920w, https:\/\/jaimeruil.com\/wp-content\/uploads\/2026\/02\/Grupo-52-300x169.jpg 300w, https:\/\/jaimeruil.com\/wp-content\/uploads\/2026\/02\/Grupo-52-1024x576.jpg 1024w, https:\/\/jaimeruil.com\/wp-content\/uploads\/2026\/02\/Grupo-52-768x432.jpg 768w, https:\/\/jaimeruil.com\/wp-content\/uploads\/2026\/02\/Grupo-52-1536x864.jpg 1536w, https:\/\/jaimeruil.com\/wp-content\/uploads\/2026\/02\/Grupo-52-18x10.jpg 18w, https:\/\/jaimeruil.com\/wp-content\/uploads\/2026\/02\/Grupo-52-24x14.jpg 24w, https:\/\/jaimeruil.com\/wp-content\/uploads\/2026\/02\/Grupo-52-36x20.jpg 36w, https:\/\/jaimeruil.com\/wp-content\/uploads\/2026\/02\/Grupo-52-48x27.jpg 48w\" sizes=\"(max-width: 1920px) 100vw, 1920px\" \/>\t\t\t\t\t\t\t\t\t\t\t\t\t\t\t<\/div>\n\t\t\t\t<\/div>\n\t\t\t\t<div class=\"elementor-element elementor-element-b6472dd elementor-hidden-desktop elementor-widget elementor-widget-image\" data-id=\"b6472dd\" data-element_type=\"widget\" data-e-type=\"widget\" data-widget_type=\"image.default\">\n\t\t\t\t<div class=\"elementor-widget-container\">\n\t\t\t\t\t\t\t\t\t\t\t\t\t\t\t<img decoding=\"async\" width=\"1080\" height=\"1672\" src=\"https:\/\/jaimeruil.com\/wp-content\/uploads\/2026\/02\/Grupo-53.jpg\" class=\"attachment-full size-full wp-image-1092\" alt=\"Novios caminando por el centro de Madrid boda editorial estilo Vogue\" srcset=\"https:\/\/jaimeruil.com\/wp-content\/uploads\/2026\/02\/Grupo-53.jpg 1080w, https:\/\/jaimeruil.com\/wp-content\/uploads\/2026\/02\/Grupo-53-194x300.jpg 194w, https:\/\/jaimeruil.com\/wp-content\/uploads\/2026\/02\/Grupo-53-661x1024.jpg 661w, https:\/\/jaimeruil.com\/wp-content\/uploads\/2026\/02\/Grupo-53-768x1189.jpg 768w, https:\/\/jaimeruil.com\/wp-content\/uploads\/2026\/02\/Grupo-53-992x1536.jpg 992w, https:\/\/jaimeruil.com\/wp-content\/uploads\/2026\/02\/Grupo-53-8x12.jpg 8w, https:\/\/jaimeruil.com\/wp-content\/uploads\/2026\/02\/Grupo-53-16x24.jpg 16w, https:\/\/jaimeruil.com\/wp-content\/uploads\/2026\/02\/Grupo-53-23x36.jpg 23w, https:\/\/jaimeruil.com\/wp-content\/uploads\/2026\/02\/Grupo-53-31x48.jpg 31w\" sizes=\"(max-width: 1080px) 100vw, 1080px\" \/>\t\t\t\t\t\t\t\t\t\t\t\t\t\t\t<\/div>\n\t\t\t\t<\/div>\n\t\t\t\t<\/div>\n\t\t\t\t<div class=\"elementor-element elementor-element-ae9292e elementor-widget elementor-widget-text-editor\" data-id=\"ae9292e\" data-element_type=\"widget\" data-e-type=\"widget\" data-widget_type=\"text-editor.default\">\n\t\t\t\t<div class=\"elementor-widget-container\">\n\t\t\t\t\t\t\t\t\t<p>Fot\u00f3grafo de bodas en Madrid. Estilo editorial y natural sin posados. Im\u00e1genes atemporales para parejas que buscan una est\u00e9tica elegante.<\/p>\t\t\t\t\t\t\t\t<\/div>\n\t\t\t\t<\/div>\n\t\t\t\t<div class=\"elementor-element elementor-element-3493f43 elementor-widget elementor-widget-image\" data-id=\"3493f43\" data-element_type=\"widget\" data-e-type=\"widget\" data-widget_type=\"image.default\">\n\t\t\t\t<div class=\"elementor-widget-container\">\n\t\t\t\t\t\t\t\t\t\t\t\t\t\t\t<img decoding=\"async\" width=\"1920\" height=\"1080\" src=\"https:\/\/jaimeruil.com\/wp-content\/uploads\/2026\/02\/Grupo-54-1.jpg\" class=\"attachment-full size-full wp-image-1094\" alt=\"Novios caminando por el centro de Madrid boda editorial estilo Vogue\" srcset=\"https:\/\/jaimeruil.com\/wp-content\/uploads\/2026\/02\/Grupo-54-1.jpg 1920w, https:\/\/jaimeruil.com\/wp-content\/uploads\/2026\/02\/Grupo-54-1-300x169.jpg 300w, https:\/\/jaimeruil.com\/wp-content\/uploads\/2026\/02\/Grupo-54-1-1024x576.jpg 1024w, https:\/\/jaimeruil.com\/wp-content\/uploads\/2026\/02\/Grupo-54-1-768x432.jpg 768w, https:\/\/jaimeruil.com\/wp-content\/uploads\/2026\/02\/Grupo-54-1-1536x864.jpg 1536w, https:\/\/jaimeruil.com\/wp-content\/uploads\/2026\/02\/Grupo-54-1-18x10.jpg 18w, https:\/\/jaimeruil.com\/wp-content\/uploads\/2026\/02\/Grupo-54-1-24x14.jpg 24w, https:\/\/jaimeruil.com\/wp-content\/uploads\/2026\/02\/Grupo-54-1-36x20.jpg 36w, https:\/\/jaimeruil.com\/wp-content\/uploads\/2026\/02\/Grupo-54-1-48x27.jpg 48w\" sizes=\"(max-width: 1920px) 100vw, 1920px\" \/>\t\t\t\t\t\t\t\t\t\t\t\t\t\t\t<\/div>\n\t\t\t\t<\/div>\n\t\t\t\t\t<\/div>\n\t\t\t\t<\/div>\n\t\t<div class=\"elementor-element elementor-element-b1de845 e-flex e-con-boxed e-con e-parent\" data-id=\"b1de845\" data-element_type=\"container\" data-e-type=\"container\">\n\t\t\t\t\t<div class=\"e-con-inner\">\n\t\t\t\t<div class=\"elementor-element elementor-element-931d368 elementor-widget elementor-widget-heading\" data-id=\"931d368\" data-element_type=\"widget\" data-e-type=\"widget\" data-widget_type=\"heading.default\">\n\t\t\t\t<div class=\"elementor-widget-container\">\n\t\t\t\t\t<h2 class=\"elementor-heading-title elementor-size-default\">Una Visi\u00f3n Atemporal para Bodas en Madrid<\/h2>\t\t\t\t<\/div>\n\t\t\t\t<\/div>\n\t\t\t\t<div class=\"elementor-element elementor-element-a5830dc elementor-widget elementor-widget-text-editor\" data-id=\"a5830dc\" data-element_type=\"widget\" data-e-type=\"widget\" data-widget_type=\"text-editor.default\">\n\t\t\t\t<div class=\"elementor-widget-container\">\n\t\t\t\t\t\t\t\t\t<p data-path-to-node=\"12\">Madrid ofrece una luz y una arquitectura \u00fanicas, desde el car\u00e1cter urbano del centro hasta la elegancia de las fincas hist\u00f3ricas de la sierra. Conozco c\u00f3mo se mueve la luz en nuestra ciudad y c\u00f3mo aprovecharla para que vuestro reportaje tenga ese acabado cinematogr\u00e1fico y editorial.<\/p><p data-path-to-node=\"13\">Mi trabajo consiste en ser un espectador silencioso. No interrumpo, no fuerzo situaciones. Dejo que las cosas sucedan para capturar la risa espont\u00e1nea, la l\u00e1grima furtiva o el movimiento natural del vestido. Quiero que, al ver vuestras fotos dentro de 20 a\u00f1os, sint\u00e1is la misma emoci\u00f3n que ese d\u00eda, sin que las im\u00e1genes parezcan \u00abde otra \u00e9poca\u00bb.<\/p>\t\t\t\t\t\t\t\t<\/div>\n\t\t\t\t<\/div>\n\t\t\t\t<div class=\"elementor-element elementor-element-194f5ed elementor-widget elementor-widget-heading\" data-id=\"194f5ed\" data-element_type=\"widget\" data-e-type=\"widget\" data-widget_type=\"heading.default\">\n\t\t\t\t<div class=\"elementor-widget-container\">\n\t\t\t\t\t<h3 class=\"elementor-heading-title elementor-size-default\">Fincas y Localizaciones con Car\u00e1cter<\/h3>\t\t\t\t<\/div>\n\t\t\t\t<\/div>\n\t\t\t\t<div class=\"elementor-element elementor-element-80a27eb elementor-widget elementor-widget-text-editor\" data-id=\"80a27eb\" data-element_type=\"widget\" data-e-type=\"widget\" data-widget_type=\"text-editor.default\">\n\t\t\t\t<div class=\"elementor-widget-container\">\n\t\t\t\t\t\t\t\t\t<p>Como especialista en bodas con estilo, me inspira trabajar en espacios que cuidan la est\u00e9tica tanto como yo. Ya sea una boda \u00edntima en un hotel boutique del barrio de Salamanca, una celebraci\u00f3n industrial o una gran fiesta en fincas exclusivas como El Palacete de los Duques de Pastrana,\u00a0 El Antiguo Convento de Boadilla del Monte, el Palacio de Aldovea o el Hotel Mandar\u00edn Oriental Ritz, mi objetivo es integrar la arquitectura del lugar como un personaje m\u00e1s en vuestra historia.<\/p>\t\t\t\t\t\t\t\t<\/div>\n\t\t\t\t<\/div>\n\t\t\t\t<div class=\"elementor-element elementor-element-0e1fb6f elementor-align-center elementor-widget elementor-widget-button\" data-id=\"0e1fb6f\" data-element_type=\"widget\" data-e-type=\"widget\" data-widget_type=\"button.default\">\n\t\t\t\t<div class=\"elementor-widget-container\">\n\t\t\t\t\t\t\t\t\t<div class=\"elementor-button-wrapper\">\n\t\t\t\t\t<a class=\"elementor-button elementor-button-link elementor-size-sm\" href=\"https:\/\/jaimeruil.pic-time.com\/_pt_RjZlH86HZbmcN\">\n\t\t\t\t\t\t<span class=\"elementor-button-content-wrapper\">\n\t\t\t\t\t\t\t\t\t<span class=\"elementor-button-text\">PORTFOLIO<\/span>\n\t\t\t\t\t<\/span>\n\t\t\t\t\t<\/a>\n\t\t\t\t<\/div>\n\t\t\t\t\t\t\t\t<\/div>\n\t\t\t\t<\/div>\n\t\t\t\t<div class=\"elementor-element elementor-element-ab6ef4a elementor-widget elementor-widget-image\" data-id=\"ab6ef4a\" data-element_type=\"widget\" data-e-type=\"widget\" data-widget_type=\"image.default\">\n\t\t\t\t<div class=\"elementor-widget-container\">\n\t\t\t\t\t\t\t\t\t\t\t\t\t\t\t<img loading=\"lazy\" decoding=\"async\" width=\"1920\" height=\"1080\" src=\"https:\/\/jaimeruil.com\/wp-content\/uploads\/2026\/02\/VeroNicco_Early_JR_25.jpg\" class=\"attachment-full size-full wp-image-1095\" alt=\"Boda en finca Prados Moros Madrid\" srcset=\"https:\/\/jaimeruil.com\/wp-content\/uploads\/2026\/02\/VeroNicco_Early_JR_25.jpg 1920w, https:\/\/jaimeruil.com\/wp-content\/uploads\/2026\/02\/VeroNicco_Early_JR_25-300x169.jpg 300w, https:\/\/jaimeruil.com\/wp-content\/uploads\/2026\/02\/VeroNicco_Early_JR_25-1024x576.jpg 1024w, https:\/\/jaimeruil.com\/wp-content\/uploads\/2026\/02\/VeroNicco_Early_JR_25-768x432.jpg 768w, https:\/\/jaimeruil.com\/wp-content\/uploads\/2026\/02\/VeroNicco_Early_JR_25-1536x864.jpg 1536w, https:\/\/jaimeruil.com\/wp-content\/uploads\/2026\/02\/VeroNicco_Early_JR_25-18x10.jpg 18w, https:\/\/jaimeruil.com\/wp-content\/uploads\/2026\/02\/VeroNicco_Early_JR_25-24x14.jpg 24w, https:\/\/jaimeruil.com\/wp-content\/uploads\/2026\/02\/VeroNicco_Early_JR_25-36x20.jpg 36w, https:\/\/jaimeruil.com\/wp-content\/uploads\/2026\/02\/VeroNicco_Early_JR_25-48x27.jpg 48w\" sizes=\"(max-width: 1920px) 100vw, 1920px\" \/>\t\t\t\t\t\t\t\t\t\t\t\t\t\t\t<\/div>\n\t\t\t\t<\/div>\n\t\t\t\t\t<\/div>\n\t\t\t\t<\/div>\n\t\t<div class=\"elementor-element elementor-element-4e1e466 e-flex e-con-boxed e-con e-parent\" data-id=\"4e1e466\" data-element_type=\"container\" data-e-type=\"container\">\n\t\t\t\t\t<div class=\"e-con-inner\">\n\t\t\t\t<div class=\"elementor-element elementor-element-6ae28fb elementor-widget elementor-widget-heading\" data-id=\"6ae28fb\" data-element_type=\"widget\" data-e-type=\"widget\" data-widget_type=\"heading.default\">\n\t\t\t\t<div class=\"elementor-widget-container\">\n\t\t\t\t\t<h2 class=\"elementor-heading-title elementor-size-default\">Preguntas Frecuentes<\/h2>\t\t\t\t<\/div>\n\t\t\t\t<\/div>\n\t\t\t\t<div class=\"elementor-element elementor-element-d1c40d0 elementor-widget elementor-widget-text-editor\" data-id=\"d1c40d0\" data-element_type=\"widget\" data-e-type=\"widget\" data-widget_type=\"text-editor.default\">\n\t\t\t\t<div class=\"elementor-widget-container\">\n\t\t\t\t\t\t\t\t\t<p><strong>\u00bfTe desplazas fuera de Madrid?<br \/><\/strong> S\u00ed, aunque mi base es Madrid, realizo reportajes de boda en toda Espa\u00f1a (especialmente Norte, Levante y Andaluc\u00eda) y Europa. Me encanta viajar y descubrir nuevas luces.<\/p><p><strong>\u00bfC\u00f3mo definir\u00edas tu estilo de edici\u00f3n?<\/strong> <br \/>Natural, c\u00e1lido y atemporal. Huyo de los filtros de moda agresivos que pasan de moda en dos a\u00f1os. Busco pieles reales y un blanco y negro con grano, muy f\u00edlmico.<\/p><p><strong>\u00bfHaces preboda?<\/strong> <br \/>Es muy recomendable. Una sesi\u00f3n de preboda editorial en las calles de Madrid o en el campo nos ayuda a conectar y a que perd\u00e1is el miedo a la c\u00e1mara antes del gran d\u00eda.<\/p>\t\t\t\t\t\t\t\t<\/div>\n\t\t\t\t<\/div>\n\t\t\t\t<div class=\"elementor-element elementor-element-91a546d elementor-widget elementor-widget-heading\" data-id=\"91a546d\" data-element_type=\"widget\" data-e-type=\"widget\" data-widget_type=\"heading.default\">\n\t\t\t\t<div class=\"elementor-widget-container\">\n\t\t\t\t\t<h2 class=\"elementor-heading-title elementor-size-default\">Contactame<\/h2>\t\t\t\t<\/div>\n\t\t\t\t<\/div>\n\t\t\t\t<div class=\"elementor-element elementor-element-f659163 elementor-widget elementor-widget-text-editor\" data-id=\"f659163\" data-element_type=\"widget\" data-e-type=\"widget\" data-widget_type=\"text-editor.default\">\n\t\t\t\t<div class=\"elementor-widget-container\">\n\t\t\t\t\t\t\t\t\t<p>hello@jaimeruil.com<\/p>\t\t\t\t\t\t\t\t<\/div>\n\t\t\t\t<\/div>\n\t\t<div class=\"elementor-element elementor-element-6f27d97 e-con-full e-flex e-con e-child\" data-id=\"6f27d97\" data-element_type=\"container\" data-e-type=\"container\">\n\t\t\t\t<div class=\"elementor-element elementor-element-5fdb813 e-n-tabs-none elementor-widget elementor-widget-n-tabs\" data-id=\"5fdb813\" data-element_type=\"widget\" data-e-type=\"widget\" data-settings=\"{&quot;tabs_justify_horizontal&quot;:&quot;start&quot;,&quot;horizontal_scroll_mobile&quot;:&quot;disable&quot;,&quot;horizontal_scroll&quot;:&quot;disable&quot;}\" data-widget_type=\"nested-tabs.default\">\n\t\t\t\t<div class=\"elementor-widget-container\">\n\t\t\t\t\t\t\t<div class=\"e-n-tabs\" data-widget-number=\"100513811\" aria-label=\"Pesta\u00f1as. Abre elementos con Intro o Espacio, ci\u00e9rralos con Escape y navega con las fechas.\">\n\t\t\t<div class=\"e-n-tabs-heading\" role=\"tablist\">\n\t\t\t\t\t<button id=\"e-n-tab-title-1005138111\" data-tab-title-id=\"e-n-tab-title-1005138111\" class=\"e-n-tab-title\" aria-selected=\"true\" data-tab-index=\"1\" role=\"tab\" tabindex=\"0\" aria-controls=\"e-n-tab-content-1005138111\" style=\"--n-tabs-title-order: 1;\">\n\t\t\t\t\t\t<span class=\"e-n-tab-title-text\">\n\t\t\t\tESP\t\t\t<\/span>\n\t\t<\/button>\n\t\t\t\t<button id=\"e-n-tab-title-1005138112\" data-tab-title-id=\"e-n-tab-title-1005138112\" class=\"e-n-tab-title\" aria-selected=\"false\" data-tab-index=\"2\" role=\"tab\" tabindex=\"-1\" aria-controls=\"e-n-tab-content-1005138112\" style=\"--n-tabs-title-order: 2;\">\n\t\t\t\t\t\t<span class=\"e-n-tab-title-text\">\n\t\t\t\tENG\t\t\t<\/span>\n\t\t<\/button>\n\t\t\t\t\t<\/div>\n\t\t\t<div class=\"e-n-tabs-content\">\n\t\t\t\t<div id=\"e-n-tab-content-1005138111\" role=\"tabpanel\" aria-labelledby=\"e-n-tab-title-1005138111\" data-tab-index=\"1\" style=\"--n-tabs-title-order: 1;\" class=\"e-active elementor-element elementor-element-c090ea6 e-con-full e-flex e-con e-child\" data-id=\"c090ea6\" data-element_type=\"container\" data-e-type=\"container\">\n\t\t\t\t<div class=\"elementor-element elementor-element-2bf3f97 elementor-widget elementor-widget-html\" data-id=\"2bf3f97\" data-element_type=\"widget\" data-e-type=\"widget\" data-widget_type=\"html.default\">\n\t\t\t\t<div class=\"elementor-widget-container\">\n\t\t\t\t\t<iframe height=\"1230\" style=\"min-width: 100%; max-width: 960px; border: 0;\" id=\"sn-form-vvzjq\"\n        src=\"https:\/\/app.studioninja.co\/contactform\/parser\/0a800fc8-944a-18e7-8194-4d01a95e5ea2\/0a800fc8-944a-18e7-8194-4d05aae45f82\"\n        allowfullscreen>\n<\/iframe>\n<script type=\"text\/javascript\" data-iframe-id=\"sn-form-vvzjq\"\n        src=\"https:\/\/app.studioninja.co\/client-assets\/form-render\/assets\/scripts\/iframeResizer.js\"><\/script>\n        \t\t\t\t<\/div>\n\t\t\t\t<\/div>\n\t\t\t\t<\/div>\n\t\t<div id=\"e-n-tab-content-1005138112\" role=\"tabpanel\" aria-labelledby=\"e-n-tab-title-1005138112\" data-tab-index=\"2\" style=\"--n-tabs-title-order: 2;\" class=\"elementor-element elementor-element-eb0a290 e-con-full e-flex e-con e-child\" data-id=\"eb0a290\" data-element_type=\"container\" data-e-type=\"container\">\n\t\t\t\t<div class=\"elementor-element elementor-element-2401e8c elementor-widget elementor-widget-html\" data-id=\"2401e8c\" data-element_type=\"widget\" data-e-type=\"widget\" data-widget_type=\"html.default\">\n\t\t\t\t<div class=\"elementor-widget-container\">\n\t\t\t\t\t<iframe height=\"1251\" style=\"min-width: 100%; max-width: 1060px; border: 0;\" id=\"sn-form-7yu4d\"\n        src=\"https:\/\/app.studioninja.co\/contactform\/parser\/0a800fc8-944a-18e7-8194-4d01a95e5ea2\/0a800fc9-951e-1af9-8195-38ab3eab6cfd\"\n        allowfullscreen>\n<\/iframe>\n<script type=\"text\/javascript\" data-iframe-id=\"sn-form-7yu4d\"\n        src=\"https:\/\/app.studioninja.co\/client-assets\/form-render\/assets\/scripts\/iframeResizer.js\"><\/script>\t\t\t\t<\/div>\n\t\t\t\t<\/div>\n\t\t\t\t<\/div>\n\t\t\t\t\t<\/div>\n\t\t<\/div>\n\t\t\t\t\t\t<\/div>\n\t\t\t\t<\/div>\n\t\t\t\t<div class=\"elementor-element elementor-element-8bcb3dd elementor-widget elementor-widget-text-editor\" data-id=\"8bcb3dd\" data-element_type=\"widget\" data-e-type=\"widget\" data-widget_type=\"text-editor.default\">\n\t\t\t\t<div class=\"elementor-widget-container\">\n\t\t\t\t\t\t\t\t\t<p><span style=\"text-decoration: underline;\"><a href=\"https:\/\/jaimeruil.com\/en\/politica-de-privacidad\/\">Privacy Policy<\/a><\/span><\/p>\t\t\t\t\t\t\t\t<\/div>\n\t\t\t\t<\/div>\n\t\t\t\t<\/div>\n\t\t\t\t\t<\/div>\n\t\t\t\t<\/div>\n\t\t\t\t<\/div>","protected":false},"excerpt":{"rendered":"<p>Fot\u00f3grafo de bodas en Madrid. Estilo editorial y natural sin posados. Im\u00e1genes atemporales para parejas que buscan una est\u00e9tica elegante. Una Visi\u00f3n Atemporal para Bodas en Madrid Madrid ofrece una luz y una arquitectura \u00fanicas, desde el car\u00e1cter urbano del centro hasta la elegancia de las fincas hist\u00f3ricas de la sierra. Conozco c\u00f3mo se mueve [&hellip;]<\/p>\n","protected":false},"author":1,"featured_media":0,"parent":0,"menu_order":0,"comment_status":"closed","ping_status":"closed","template":"","meta":{"_monsterinsights_skip_tracking":false,"_monsterinsights_sitenote_active":false,"_monsterinsights_sitenote_note":"","_monsterinsights_sitenote_category":0,"footnotes":""},"class_list":["post-1030","page","type-page","status-publish","hentry"],"aioseo_notices":[],"_links":{"self":[{"href":"https:\/\/jaimeruil.com\/en\/wp-json\/wp\/v2\/pages\/1030","targetHints":{"allow":["GET"]}}],"collection":[{"href":"https:\/\/jaimeruil.com\/en\/wp-json\/wp\/v2\/pages"}],"about":[{"href":"https:\/\/jaimeruil.com\/en\/wp-json\/wp\/v2\/types\/page"}],"author":[{"embeddable":true,"href":"https:\/\/jaimeruil.com\/en\/wp-json\/wp\/v2\/users\/1"}],"replies":[{"embeddable":true,"href":"https:\/\/jaimeruil.com\/en\/wp-json\/wp\/v2\/comments?post=1030"}],"version-history":[{"count":58,"href":"https:\/\/jaimeruil.com\/en\/wp-json\/wp\/v2\/pages\/1030\/revisions"}],"predecessor-version":[{"id":1181,"href":"https:\/\/jaimeruil.com\/en\/wp-json\/wp\/v2\/pages\/1030\/revisions\/1181"}],"wp:attachment":[{"href":"https:\/\/jaimeruil.com\/en\/wp-json\/wp\/v2\/media?parent=1030"}],"curies":[{"name":"wp","href":"https:\/\/api.w.org\/{rel}","templated":true}]}}